{"id":12535,"date":"2024-03-22T11:29:24","date_gmt":"2024-03-22T10:29:24","guid":{"rendered":"https:\/\/carrouselleclercq.fr\/?post_type=product&#038;p=12535"},"modified":"2024-03-22T16:22:26","modified_gmt":"2024-03-22T15:22:26","slug":"manege-spacelab","status":"publish","type":"product","link":"https:\/\/carrouselleclercq.fr\/index.php\/produit\/manege-spacelab\/","title":{"rendered":"MANEGE SPACE LAB"},"content":{"rendered":"<p>12M DE DIAMETRE<br \/>\nun bus<br \/>\nun h\u00e9licopt\u00e8re spiderman<br \/>\nun nuage de noel<br \/>\nune voiture oui oui<br \/>\nune voiture Dora<br \/>\nun avion Hello Kitty<br \/>\nun mickey<br \/>\nun parenth\u00e8se<br \/>\nun schtroumpf<br \/>\nune tasse belle et le clochard<br \/>\n2 motos<br \/>\nun cheval<br \/>\nun canard<br \/>\nun v\u00e9lo<br \/>\nun polux un titi et grosminet<br \/>\nun lapin<\/p>\n<p>&nbsp;<\/p>\n<div>\n\n\t\t<style>\n\t\t\t#gallery-1 {\n\t\t\t\tmargin: auto;\n\t\t\t}\n\t\t\t#gallery-1 .gallery-item {\n\t\t\t\tfloat: left;\n\t\t\t\tmargin-top: 10px;\n\t\t\t\ttext-align: center;\n\t\t\t\twidth: 16%;\n\t\t\t}\n\t\t\t#gallery-1 img {\n\t\t\t\tborder: 2px solid #cfcfcf;\n\t\t\t}\n\t\t\t#gallery-1 .gallery-caption {\n\t\t\t\tmargin-left: 0;\n\t\t\t}\n\t\t\t\/* see gallery_shortcode() in wp-includes\/media.php *\/\n\t\t<\/style>\n\t\t<div id='gallery-1' class='gallery galleryid-12535 gallery-columns-6 gallery-size-large'><dl class='gallery-item'>\n\t\t\t<dt class='gallery-icon landscape'>\n\t\t\t\t<a href='https:\/\/carrouselleclercq.fr\/?attachment_id=12347'><img width=\"625\" height=\"469\" src=\"https:\/\/carrouselleclercq.fr\/wp-content\/uploads\/2023\/10\/IMG_3492-1-1024x768.jpg\" class=\"attachment-large size-large\" alt=\"\" decoding=\"async\" loading=\"lazy\" srcset=\"https:\/\/carrouselleclercq.fr\/wp-content\/uploads\/2023\/10\/IMG_3492-1-1024x768.jpg 1024w, https:\/\/carrouselleclercq.fr\/wp-content\/uploads\/2023\/10\/IMG_3492-1-300x225.jpg 300w, https:\/\/carrouselleclercq.fr\/wp-content\/uploads\/2023\/10\/IMG_3492-1-768x576.jpg 768w, https:\/\/carrouselleclercq.fr\/wp-content\/uploads\/2023\/10\/IMG_3492-1-1536x1152.jpg 1536w, https:\/\/carrouselleclercq.fr\/wp-content\/uploads\/2023\/10\/IMG_3492-1-2048x1536.jpg 2048w, https:\/\/carrouselleclercq.fr\/wp-content\/uploads\/2023\/10\/IMG_3492-1-600x450.jpg 600w, https:\/\/carrouselleclercq.fr\/wp-content\/uploads\/2023\/10\/IMG_3492-1-490x368.jpg 490w\" sizes=\"(max-width: 625px) 100vw, 625px\" \/><\/a>\n\t\t\t<\/dt><\/dl><dl class='gallery-item'>\n\t\t\t<dt class='gallery-icon landscape'>\n\t\t\t\t<a href='https:\/\/carrouselleclercq.fr\/?attachment_id=12346'><img width=\"625\" height=\"469\" src=\"https:\/\/carrouselleclercq.fr\/wp-content\/uploads\/2023\/10\/IMG_3491-1024x768.jpg\" class=\"attachment-large size-large\" alt=\"\" decoding=\"async\" loading=\"lazy\" srcset=\"https:\/\/carrouselleclercq.fr\/wp-content\/uploads\/2023\/10\/IMG_3491-1024x768.jpg 1024w, https:\/\/carrouselleclercq.fr\/wp-content\/uploads\/2023\/10\/IMG_3491-300x225.jpg 300w, https:\/\/carrouselleclercq.fr\/wp-content\/uploads\/2023\/10\/IMG_3491-768x576.jpg 768w, https:\/\/carrouselleclercq.fr\/wp-content\/uploads\/2023\/10\/IMG_3491-1536x1152.jpg 1536w, https:\/\/carrouselleclercq.fr\/wp-content\/uploads\/2023\/10\/IMG_3491-2048x1536.jpg 2048w, https:\/\/carrouselleclercq.fr\/wp-content\/uploads\/2023\/10\/IMG_3491-600x450.jpg 600w, https:\/\/carrouselleclercq.fr\/wp-content\/uploads\/2023\/10\/IMG_3491-490x368.jpg 490w\" sizes=\"(max-width: 625px) 100vw, 625px\" \/><\/a>\n\t\t\t<\/dt><\/dl><dl class='gallery-item'>\n\t\t\t<dt class='gallery-icon landscape'>\n\t\t\t\t<a href='https:\/\/carrouselleclercq.fr\/?attachment_id=12345'><img width=\"625\" height=\"469\" src=\"https:\/\/carrouselleclercq.fr\/wp-content\/uploads\/2023\/10\/IMG_3493-1024x768.jpg\" class=\"attachment-large size-large\" alt=\"\" decoding=\"async\" loading=\"lazy\" srcset=\"https:\/\/carrouselleclercq.fr\/wp-content\/uploads\/2023\/10\/IMG_3493-1024x768.jpg 1024w, https:\/\/carrouselleclercq.fr\/wp-content\/uploads\/2023\/10\/IMG_3493-300x225.jpg 300w, https:\/\/carrouselleclercq.fr\/wp-content\/uploads\/2023\/10\/IMG_3493-768x576.jpg 768w, https:\/\/carrouselleclercq.fr\/wp-content\/uploads\/2023\/10\/IMG_3493-1536x1152.jpg 1536w, https:\/\/carrouselleclercq.fr\/wp-content\/uploads\/2023\/10\/IMG_3493-2048x1536.jpg 2048w, https:\/\/carrouselleclercq.fr\/wp-content\/uploads\/2023\/10\/IMG_3493-600x450.jpg 600w, https:\/\/carrouselleclercq.fr\/wp-content\/uploads\/2023\/10\/IMG_3493-490x368.jpg 490w\" sizes=\"(max-width: 625px) 100vw, 625px\" \/><\/a>\n\t\t\t<\/dt><\/dl><dl class='gallery-item'>\n\t\t\t<dt class='gallery-icon landscape'>\n\t\t\t\t<a href='https:\/\/carrouselleclercq.fr\/?attachment_id=12344'><img width=\"625\" height=\"469\" src=\"https:\/\/carrouselleclercq.fr\/wp-content\/uploads\/2023\/10\/IMG_3492-1024x768.jpg\" class=\"attachment-large size-large\" alt=\"\" decoding=\"async\" loading=\"lazy\" srcset=\"https:\/\/carrouselleclercq.fr\/wp-content\/uploads\/2023\/10\/IMG_3492-1024x768.jpg 1024w, https:\/\/carrouselleclercq.fr\/wp-content\/uploads\/2023\/10\/IMG_3492-300x225.jpg 300w, https:\/\/carrouselleclercq.fr\/wp-content\/uploads\/2023\/10\/IMG_3492-768x576.jpg 768w, https:\/\/carrouselleclercq.fr\/wp-content\/uploads\/2023\/10\/IMG_3492-1536x1152.jpg 1536w, https:\/\/carrouselleclercq.fr\/wp-content\/uploads\/2023\/10\/IMG_3492-2048x1536.jpg 2048w, https:\/\/carrouselleclercq.fr\/wp-content\/uploads\/2023\/10\/IMG_3492-600x450.jpg 600w, https:\/\/carrouselleclercq.fr\/wp-content\/uploads\/2023\/10\/IMG_3492-490x368.jpg 490w\" sizes=\"(max-width: 625px) 100vw, 625px\" \/><\/a>\n\t\t\t<\/dt><\/dl>\n\t\t\t<br style='clear: both' \/>\n\t\t<\/div>\n\n<\/div>\n","protected":false},"excerpt":{"rendered":"<p>12M DE DIAMETRE un bus un h\u00e9licopt\u00e8re spiderman un nuage de noel une voiture oui oui une voiture Dora un avion Hello Kitty un mickey un parenth\u00e8se un schtroumpf une tasse belle et le clochard 2 motos un cheval un canard un v\u00e9lo un polux un titi et grosminet un lapin &nbsp;<\/p>\n","protected":false},"featured_media":12347,"comment_status":"open","ping_status":"closed","template":"","meta":{"om_disable_all_campaigns":false,"_mi_skip_tracking":false,"_monsterinsights_sitenote_active":false,"_monsterinsights_sitenote_note":"","_monsterinsights_sitenote_category":0,"_themeisle_gutenberg_block_has_review":false},"product_cat":[53],"product_tag":[],"amenities":[],"space-type":[34],"aioseo_notices":[],"_links":{"self":[{"href":"https:\/\/carrouselleclercq.fr\/index.php\/wp-json\/wp\/v2\/product\/12535"}],"collection":[{"href":"https:\/\/carrouselleclercq.fr\/index.php\/wp-json\/wp\/v2\/product"}],"about":[{"href":"https:\/\/carrouselleclercq.fr\/index.php\/wp-json\/wp\/v2\/types\/product"}],"replies":[{"embeddable":true,"href":"https:\/\/carrouselleclercq.fr\/index.php\/wp-json\/wp\/v2\/comments?post=12535"}],"wp:featuredmedia":[{"embeddable":true,"href":"https:\/\/carrouselleclercq.fr\/index.php\/wp-json\/wp\/v2\/media\/12347"}],"wp:attachment":[{"href":"https:\/\/carrouselleclercq.fr\/index.php\/wp-json\/wp\/v2\/media?parent=12535"}],"wp:term":[{"taxonomy":"product_cat","embeddable":true,"href":"https:\/\/carrouselleclercq.fr\/index.php\/wp-json\/wp\/v2\/product_cat?post=12535"},{"taxonomy":"product_tag","embeddable":true,"href":"https:\/\/carrouselleclercq.fr\/index.php\/wp-json\/wp\/v2\/product_tag?post=12535"},{"taxonomy":"amenities","embeddable":true,"href":"https:\/\/carrouselleclercq.fr\/index.php\/wp-json\/wp\/v2\/amenities?post=12535"},{"taxonomy":"space-type","embeddable":true,"href":"https:\/\/carrouselleclercq.fr\/index.php\/wp-json\/wp\/v2\/space-type?post=12535"}],"curies":[{"name":"wp","href":"https:\/\/api.w.org\/{rel}","templated":true}]}}