{"id":12358,"date":"2023-10-13T12:25:44","date_gmt":"2023-10-13T10:25:44","guid":{"rendered":"https:\/\/carrouselleclercq.fr\/?post_type=product&#038;p=12358"},"modified":"2023-10-19T01:07:23","modified_gmt":"2023-10-18T23:07:23","slug":"chalets-de-noel","status":"publish","type":"product","link":"https:\/\/carrouselleclercq.fr\/index.php\/produit\/chalets-de-noel\/","title":{"rendered":"CHALETS DE NOEL\u00a0"},"content":{"rendered":"<div>2 STORES<\/div>\n<div>20 chalets de 3M de fa\u00e7ade sur 2m de profondeur<\/div>\n<div>2 chalets de 6m de\u00a0fa\u00e7ade sur\u00a0 2m de profondeur<\/div>\n<div>ouverture en fa\u00e7ade int\u00e9grale<\/div>\n<div>\u00e9quip\u00e9 de n\u00e9on LED<\/div>\n<div>coffret \u00e9lectrique<\/div>\n<div>2 prises 16 amp\u00e8res 220V<\/div>\n<div>couleur blanche<\/div>\n<div>construction en demis rondins<\/div>\n","protected":false},"excerpt":{"rendered":"<p>2 STORES 20 chalets de 3M de fa\u00e7ade sur 2m de profondeur 2 chalets de 6m de\u00a0fa\u00e7ade sur\u00a0 2m de profondeur ouverture en fa\u00e7ade int\u00e9grale \u00e9quip\u00e9 de n\u00e9on LED coffret \u00e9lectrique 2 prises 16 amp\u00e8res 220V couleur blanche construction en demis rondins<\/p>\n","protected":false},"featured_media":12408,"comment_status":"open","ping_status":"closed","template":"","meta":{"om_disable_all_campaigns":false,"_mi_skip_tracking":false,"_monsterinsights_sitenote_active":false,"_monsterinsights_sitenote_note":"","_monsterinsights_sitenote_category":0,"_themeisle_gutenberg_block_has_review":false},"product_cat":[52],"product_tag":[],"amenities":[],"space-type":[34],"aioseo_notices":[],"_links":{"self":[{"href":"https:\/\/carrouselleclercq.fr\/index.php\/wp-json\/wp\/v2\/product\/12358"}],"collection":[{"href":"https:\/\/carrouselleclercq.fr\/index.php\/wp-json\/wp\/v2\/product"}],"about":[{"href":"https:\/\/carrouselleclercq.fr\/index.php\/wp-json\/wp\/v2\/types\/product"}],"replies":[{"embeddable":true,"href":"https:\/\/carrouselleclercq.fr\/index.php\/wp-json\/wp\/v2\/comments?post=12358"}],"wp:featuredmedia":[{"embeddable":true,"href":"https:\/\/carrouselleclercq.fr\/index.php\/wp-json\/wp\/v2\/media\/12408"}],"wp:attachment":[{"href":"https:\/\/carrouselleclercq.fr\/index.php\/wp-json\/wp\/v2\/media?parent=12358"}],"wp:term":[{"taxonomy":"product_cat","embeddable":true,"href":"https:\/\/carrouselleclercq.fr\/index.php\/wp-json\/wp\/v2\/product_cat?post=12358"},{"taxonomy":"product_tag","embeddable":true,"href":"https:\/\/carrouselleclercq.fr\/index.php\/wp-json\/wp\/v2\/product_tag?post=12358"},{"taxonomy":"amenities","embeddable":true,"href":"https:\/\/carrouselleclercq.fr\/index.php\/wp-json\/wp\/v2\/amenities?post=12358"},{"taxonomy":"space-type","embeddable":true,"href":"https:\/\/carrouselleclercq.fr\/index.php\/wp-json\/wp\/v2\/space-type?post=12358"}],"curies":[{"name":"wp","href":"https:\/\/api.w.org\/{rel}","templated":true}]}}