{"id":12343,"date":"2023-10-13T12:14:50","date_gmt":"2023-10-13T10:14:50","guid":{"rendered":"https:\/\/carrouselleclercq.fr\/?post_type=product&#038;p=12343"},"modified":"2024-03-22T13:42:14","modified_gmt":"2024-03-22T12:42:14","slug":"manege-enfantin-de-noel","status":"publish","type":"product","link":"https:\/\/carrouselleclercq.fr\/index.php\/produit\/manege-enfantin-de-noel\/","title":{"rendered":"MANEGE ENFANTIN DE NOEL\u00a0"},"content":{"rendered":"<div>12M DE DIAMETRE<\/div>\n<div>Un traineau du pere noel<\/div>\n<div>une boule sapin de noel roulante<\/div>\n<div>un bus<\/div>\n<div>un h\u00e9licopt\u00e8re spiderman<\/div>\n<div>un nuage de noel<\/div>\n<div>une voiture oui oui<\/div>\n<div>une voiture Dora<\/div>\n<div>un avion Hello Kitty<\/div>\n<div>un mickey<\/div>\n<div>un parenth\u00e8se<\/div>\n<div>un schtroumpf<\/div>\n<div>une tasse belle et le clochard<\/div>\n<div>2 motos<\/div>\n<div>un cheval<\/div>\n<div>un canard<\/div>\n<div>un v\u00e9lo<\/div>\n<div>un polux un titi et grosminet<\/div>\n<div>\n<p>un lapin<\/p>\n\n\t\t<style>\n\t\t\t#gallery-1 {\n\t\t\t\tmargin: auto;\n\t\t\t}\n\t\t\t#gallery-1 .gallery-item {\n\t\t\t\tfloat: left;\n\t\t\t\tmargin-top: 10px;\n\t\t\t\ttext-align: center;\n\t\t\t\twidth: 16%;\n\t\t\t}\n\t\t\t#gallery-1 img {\n\t\t\t\tborder: 2px solid #cfcfcf;\n\t\t\t}\n\t\t\t#gallery-1 .gallery-caption {\n\t\t\t\tmargin-left: 0;\n\t\t\t}\n\t\t\t\/* see gallery_shortcode() in wp-includes\/media.php *\/\n\t\t<\/style>\n\t\t<div id='gallery-1' class='gallery galleryid-12343 gallery-columns-6 gallery-size-large'><dl class='gallery-item'>\n\t\t\t<dt class='gallery-icon portrait'>\n\t\t\t\t<a href='https:\/\/carrouselleclercq.fr\/?attachment_id=12443'><img width=\"296\" height=\"317\" src=\"https:\/\/carrouselleclercq.fr\/wp-content\/uploads\/2024\/03\/IMG_20240220_110159-e1711100294651.jpg\" class=\"attachment-large size-large\" alt=\"\" decoding=\"async\" loading=\"lazy\" srcset=\"https:\/\/carrouselleclercq.fr\/wp-content\/uploads\/2024\/03\/IMG_20240220_110159-e1711100294651.jpg 296w, https:\/\/carrouselleclercq.fr\/wp-content\/uploads\/2024\/03\/IMG_20240220_110159-e1711100294651-280x300.jpg 280w\" sizes=\"(max-width: 296px) 100vw, 296px\" \/><\/a>\n\t\t\t<\/dt><\/dl><dl class='gallery-item'>\n\t\t\t<dt class='gallery-icon landscape'>\n\t\t\t\t<a href='https:\/\/carrouselleclercq.fr\/?attachment_id=12442'><img width=\"370\" height=\"274\" src=\"https:\/\/carrouselleclercq.fr\/wp-content\/uploads\/2024\/03\/IMG_20240220_110156-e1738941367403.jpg\" class=\"attachment-large size-large\" alt=\"\" decoding=\"async\" loading=\"lazy\" srcset=\"https:\/\/carrouselleclercq.fr\/wp-content\/uploads\/2024\/03\/IMG_20240220_110156-e1738941367403.jpg 370w, https:\/\/carrouselleclercq.fr\/wp-content\/uploads\/2024\/03\/IMG_20240220_110156-e1738941367403-300x222.jpg 300w\" sizes=\"(max-width: 370px) 100vw, 370px\" \/><\/a>\n\t\t\t<\/dt><\/dl><dl class='gallery-item'>\n\t\t\t<dt class='gallery-icon landscape'>\n\t\t\t\t<a href='https:\/\/carrouselleclercq.fr\/?attachment_id=12441'><img width=\"320\" height=\"240\" src=\"https:\/\/carrouselleclercq.fr\/wp-content\/uploads\/2024\/03\/IMG_20240220_110150.jpg\" class=\"attachment-large size-large\" alt=\"\" decoding=\"async\" loading=\"lazy\" srcset=\"https:\/\/carrouselleclercq.fr\/wp-content\/uploads\/2024\/03\/IMG_20240220_110150.jpg 320w, https:\/\/carrouselleclercq.fr\/wp-content\/uploads\/2024\/03\/IMG_20240220_110150-300x225.jpg 300w\" sizes=\"(max-width: 320px) 100vw, 320px\" \/><\/a>\n\t\t\t<\/dt><\/dl><dl class='gallery-item'>\n\t\t\t<dt class='gallery-icon landscape'>\n\t\t\t\t<a href='https:\/\/carrouselleclercq.fr\/?attachment_id=12440'><img width=\"625\" height=\"469\" src=\"https:\/\/carrouselleclercq.fr\/wp-content\/uploads\/2024\/03\/IMG_20240220_110145.jpg\" class=\"attachment-large size-large\" alt=\"\" decoding=\"async\" loading=\"lazy\" srcset=\"https:\/\/carrouselleclercq.fr\/wp-content\/uploads\/2024\/03\/IMG_20240220_110145.jpg 1024w, https:\/\/carrouselleclercq.fr\/wp-content\/uploads\/2024\/03\/IMG_20240220_110145-300x225.jpg 300w, https:\/\/carrouselleclercq.fr\/wp-content\/uploads\/2024\/03\/IMG_20240220_110145-768x576.jpg 768w, https:\/\/carrouselleclercq.fr\/wp-content\/uploads\/2024\/03\/IMG_20240220_110145-600x450.jpg 600w, https:\/\/carrouselleclercq.fr\/wp-content\/uploads\/2024\/03\/IMG_20240220_110145-490x368.jpg 490w\" sizes=\"(max-width: 625px) 100vw, 625px\" \/><\/a>\n\t\t\t<\/dt><\/dl><dl class='gallery-item'>\n\t\t\t<dt class='gallery-icon landscape'>\n\t\t\t\t<a href='https:\/\/carrouselleclercq.fr\/?attachment_id=12439'><img width=\"480\" height=\"360\" src=\"https:\/\/carrouselleclercq.fr\/wp-content\/uploads\/2024\/03\/IMG_20240220_110141.jpg\" class=\"attachment-large size-large\" alt=\"\" decoding=\"async\" loading=\"lazy\" srcset=\"https:\/\/carrouselleclercq.fr\/wp-content\/uploads\/2024\/03\/IMG_20240220_110141.jpg 480w, https:\/\/carrouselleclercq.fr\/wp-content\/uploads\/2024\/03\/IMG_20240220_110141-300x225.jpg 300w\" sizes=\"(max-width: 480px) 100vw, 480px\" \/><\/a>\n\t\t\t<\/dt><\/dl><dl class='gallery-item'>\n\t\t\t<dt class='gallery-icon landscape'>\n\t\t\t\t<a href='https:\/\/carrouselleclercq.fr\/?attachment_id=12438'><img width=\"320\" height=\"240\" src=\"https:\/\/carrouselleclercq.fr\/wp-content\/uploads\/2024\/03\/IMG_20240220_110138.jpg\" class=\"attachment-large size-large\" alt=\"\" decoding=\"async\" loading=\"lazy\" srcset=\"https:\/\/carrouselleclercq.fr\/wp-content\/uploads\/2024\/03\/IMG_20240220_110138.jpg 320w, https:\/\/carrouselleclercq.fr\/wp-content\/uploads\/2024\/03\/IMG_20240220_110138-300x225.jpg 300w\" sizes=\"(max-width: 320px) 100vw, 320px\" \/><\/a>\n\t\t\t<\/dt><\/dl><br style=\"clear: both\" \/><dl class='gallery-item'>\n\t\t\t<dt class='gallery-icon landscape'>\n\t\t\t\t<a href='https:\/\/carrouselleclercq.fr\/?attachment_id=12437'><img width=\"320\" height=\"240\" src=\"https:\/\/carrouselleclercq.fr\/wp-content\/uploads\/2024\/03\/IMG_20240220_110134.jpg\" class=\"attachment-large size-large\" alt=\"\" decoding=\"async\" loading=\"lazy\" srcset=\"https:\/\/carrouselleclercq.fr\/wp-content\/uploads\/2024\/03\/IMG_20240220_110134.jpg 320w, https:\/\/carrouselleclercq.fr\/wp-content\/uploads\/2024\/03\/IMG_20240220_110134-300x225.jpg 300w\" sizes=\"(max-width: 320px) 100vw, 320px\" \/><\/a>\n\t\t\t<\/dt><\/dl>\n\t\t\t<br style='clear: both' \/>\n\t\t<\/div>\n\n<\/div>\n","protected":false},"excerpt":{"rendered":"<p>12M DE DIAMETRE Un traineau du pere noel une boule sapin de noel roulante un bus un h\u00e9licopt\u00e8re spiderman un nuage de noel une voiture oui oui une voiture Dora un avion Hello Kitty un mickey un parenth\u00e8se un schtroumpf une tasse belle et le clochard 2 motos un cheval un canard un v\u00e9lo un [&hellip;]<\/p>\n","protected":false},"featured_media":12438,"comment_status":"open","ping_status":"closed","template":"","meta":{"om_disable_all_campaigns":false,"_mi_skip_tracking":false,"_monsterinsights_sitenote_active":false,"_monsterinsights_sitenote_note":"","_monsterinsights_sitenote_category":0,"_themeisle_gutenberg_block_has_review":false},"product_cat":[46],"product_tag":[],"amenities":[],"space-type":[34],"aioseo_notices":[],"_links":{"self":[{"href":"https:\/\/carrouselleclercq.fr\/index.php\/wp-json\/wp\/v2\/product\/12343"}],"collection":[{"href":"https:\/\/carrouselleclercq.fr\/index.php\/wp-json\/wp\/v2\/product"}],"about":[{"href":"https:\/\/carrouselleclercq.fr\/index.php\/wp-json\/wp\/v2\/types\/product"}],"replies":[{"embeddable":true,"href":"https:\/\/carrouselleclercq.fr\/index.php\/wp-json\/wp\/v2\/comments?post=12343"}],"wp:featuredmedia":[{"embeddable":true,"href":"https:\/\/carrouselleclercq.fr\/index.php\/wp-json\/wp\/v2\/media\/12438"}],"wp:attachment":[{"href":"https:\/\/carrouselleclercq.fr\/index.php\/wp-json\/wp\/v2\/media?parent=12343"}],"wp:term":[{"taxonomy":"product_cat","embeddable":true,"href":"https:\/\/carrouselleclercq.fr\/index.php\/wp-json\/wp\/v2\/product_cat?post=12343"},{"taxonomy":"product_tag","embeddable":true,"href":"https:\/\/carrouselleclercq.fr\/index.php\/wp-json\/wp\/v2\/product_tag?post=12343"},{"taxonomy":"amenities","embeddable":true,"href":"https:\/\/carrouselleclercq.fr\/index.php\/wp-json\/wp\/v2\/amenities?post=12343"},{"taxonomy":"space-type","embeddable":true,"href":"https:\/\/carrouselleclercq.fr\/index.php\/wp-json\/wp\/v2\/space-type?post=12343"}],"curies":[{"name":"wp","href":"https:\/\/api.w.org\/{rel}","templated":true}]}}