{"id":12216,"date":"2023-09-18T14:12:24","date_gmt":"2023-09-18T12:12:24","guid":{"rendered":"https:\/\/carrouselleclercq.fr\/?post_type=product&#038;p=12216"},"modified":"2024-04-11T18:07:23","modified_gmt":"2024-04-11T16:07:23","slug":"carrousel-belle-epoque","status":"publish","type":"product","link":"https:\/\/carrouselleclercq.fr\/index.php\/produit\/carrousel-belle-epoque\/","title":{"rendered":"CARROUSEL BELLE EPOQUE"},"content":{"rendered":"<div>parents accompagnateurs<\/div>\n<div>7M50 de diam\u00e8tre\u00a0+ la caisse<\/div>\n<div>26 places<\/div>\n<div>puissance 16 amp\u00e8re 380<\/div>\n<div>6 chevaux sauteurs<\/div>\n<div>une gondole<\/div>\n<div>une tasse toupie<\/div>\n<div>2 cygnes<\/div>\n<div>une girafe<\/div>\n<div>un tacot<\/div>\n<div>un camion<\/div>\n<div>un \u00e9l\u00e9phant<\/div>\n<div>\n\t\t\t<!-- START Slider 8 REVOLUTION SLIDER 6.6.15 --><p class=\"rs-p-wp-fix\"><\/p>\n\t\t\t<rs-module-wrap id=\"rev_slider_8_1_wrapper\" data-source=\"gallery\" style=\"visibility:hidden;background:transparent;padding:0;margin:0px auto;margin-top:0;margin-bottom:0;\">\n\t\t\t\t<rs-module id=\"rev_slider_8_1\" style=\"\" data-version=\"6.6.15\">\n\t\t\t\t\t<rs-slides style=\"overflow: hidden; position: absolute;\">\n\t\t\t\t\t\t<rs-slide style=\"position: absolute;\" data-key=\"rs-69\" data-title=\"Slide\" data-thumb=\"\/\/carrouselleclercq.fr\/wp-content\/uploads\/2023\/09\/IMG-20230918-WA0008-50x100.jpg\" data-in=\"o:0;\" data-out=\"a:false;\">\n\t\t\t\t\t\t\t<img src=\"\/\/carrouselleclercq.fr\/wp-content\/plugins\/revslider\/public\/assets\/assets\/dummy.png\" alt=\"\" title=\"CARROUSEL BELLE EPOQUE\" class=\"rev-slidebg tp-rs-img rs-lazyload\" data-lazyload=\"\/\/carrouselleclercq.fr\/wp-content\/uploads\/2023\/09\/IMG-20230918-WA0008.jpg\" data-bg=\"f:60% 100%;\" data-no-retina>\n<!---->\t\t\t\t\t\t<\/rs-slide>\n\t\t\t\t\t\t<rs-slide style=\"position: absolute;\" data-key=\"rs-70\" data-title=\"Slide\" data-thumb=\"\/\/carrouselleclercq.fr\/wp-content\/uploads\/2023\/09\/IMG-20230918-WA0007-50x100.jpg\" data-in=\"o:0;\" data-out=\"a:false;\">\n\t\t\t\t\t\t\t<img src=\"\/\/carrouselleclercq.fr\/wp-content\/plugins\/revslider\/public\/assets\/assets\/dummy.png\" alt=\"\" title=\"CARROUSEL BELLE EPOQUE\" class=\"rev-slidebg tp-rs-img rs-lazyload\" data-lazyload=\"\/\/carrouselleclercq.fr\/wp-content\/uploads\/2023\/09\/IMG-20230918-WA0007.jpg\" data-bg=\"f:60% 100%;\" data-no-retina>\n<!---->\t\t\t\t\t\t<\/rs-slide>\n\t\t\t\t\t\t<rs-slide style=\"position: absolute;\" data-key=\"rs-71\" data-title=\"Slide\" data-thumb=\"\/\/carrouselleclercq.fr\/wp-content\/uploads\/2023\/09\/IMG-20230918-WA0006-50x100.jpg\" data-in=\"o:0;\" data-out=\"a:false;\">\n\t\t\t\t\t\t\t<img src=\"\/\/carrouselleclercq.fr\/wp-content\/plugins\/revslider\/public\/assets\/assets\/dummy.png\" alt=\"\" title=\"CARROUSEL BELLE EPOQUE\" class=\"rev-slidebg tp-rs-img rs-lazyload\" data-lazyload=\"\/\/carrouselleclercq.fr\/wp-content\/uploads\/2023\/09\/IMG-20230918-WA0006.jpg\" data-bg=\"f:60% 100%;\" data-no-retina>\n<!---->\t\t\t\t\t\t<\/rs-slide>\n\t\t\t\t\t\t<rs-slide style=\"position: absolute;\" data-key=\"rs-72\" data-title=\"Slide\" data-thumb=\"\/\/carrouselleclercq.fr\/wp-content\/uploads\/2023\/09\/IMG-20230918-WA0005-50x100.jpg\" data-in=\"o:0;\" data-out=\"a:false;\">\n\t\t\t\t\t\t\t<img src=\"\/\/carrouselleclercq.fr\/wp-content\/plugins\/revslider\/public\/assets\/assets\/dummy.png\" alt=\"\" title=\"CARROUSEL BELLE EPOQUE\" class=\"rev-slidebg tp-rs-img rs-lazyload\" data-lazyload=\"\/\/carrouselleclercq.fr\/wp-content\/uploads\/2023\/09\/IMG-20230918-WA0005.jpg\" data-bg=\"f:60% 100%;\" data-no-retina>\n<!---->\t\t\t\t\t\t<\/rs-slide>\n\t\t\t\t\t\t<rs-slide style=\"position: absolute;\" data-key=\"rs-73\" data-title=\"Slide\" data-thumb=\"\/\/carrouselleclercq.fr\/wp-content\/uploads\/2023\/09\/IMG-20230918-WA0004-50x100.jpg\" data-in=\"o:0;\" data-out=\"a:false;\">\n\t\t\t\t\t\t\t<img src=\"\/\/carrouselleclercq.fr\/wp-content\/plugins\/revslider\/public\/assets\/assets\/dummy.png\" alt=\"\" title=\"CARROUSEL BELLE EPOQUE\" class=\"rev-slidebg tp-rs-img rs-lazyload\" data-lazyload=\"\/\/carrouselleclercq.fr\/wp-content\/uploads\/2023\/09\/IMG-20230918-WA0004.jpg\" data-bg=\"f:60% 100%;\" data-no-retina>\n<!---->\t\t\t\t\t\t<\/rs-slide>\n\t\t\t\t\t\t<rs-slide style=\"position: absolute;\" data-key=\"rs-74\" data-title=\"Slide\" data-thumb=\"\/\/carrouselleclercq.fr\/wp-content\/uploads\/2023\/09\/IMG-20230918-WA0003-50x100.jpg\" data-in=\"o:0;\" data-out=\"a:false;\">\n\t\t\t\t\t\t\t<img src=\"\/\/carrouselleclercq.fr\/wp-content\/plugins\/revslider\/public\/assets\/assets\/dummy.png\" alt=\"\" title=\"CARROUSEL BELLE EPOQUE\" class=\"rev-slidebg tp-rs-img rs-lazyload\" data-lazyload=\"\/\/carrouselleclercq.fr\/wp-content\/uploads\/2023\/09\/IMG-20230918-WA0003.jpg\" data-bg=\"f:60% 100%;\" data-no-retina>\n<!---->\t\t\t\t\t\t<\/rs-slide>\n\t\t\t\t\t\t<rs-slide style=\"position: absolute;\" data-key=\"rs-75\" data-title=\"Slide\" data-thumb=\"\/\/carrouselleclercq.fr\/wp-content\/uploads\/2023\/09\/IMG-20230918-WA0002-50x100.jpg\" data-in=\"o:0;\" data-out=\"a:false;\">\n\t\t\t\t\t\t\t<img src=\"\/\/carrouselleclercq.fr\/wp-content\/plugins\/revslider\/public\/assets\/assets\/dummy.png\" alt=\"\" title=\"CARROUSEL BELLE EPOQUE\" class=\"rev-slidebg tp-rs-img rs-lazyload\" data-lazyload=\"\/\/carrouselleclercq.fr\/wp-content\/uploads\/2023\/09\/IMG-20230918-WA0002.jpg\" data-bg=\"f:60% 100%;\" data-no-retina>\n<!---->\t\t\t\t\t\t<\/rs-slide>\n\t\t\t\t\t\t<rs-slide style=\"position: absolute;\" data-key=\"rs-76\" data-title=\"Slide\" data-thumb=\"\/\/carrouselleclercq.fr\/wp-content\/uploads\/2023\/09\/b_zlfJL-GgR-WW3PhOSlcdnnK19UDhhr4TNNDtSUO64_plaintext_638306351070021913-50x100.jpg\" data-in=\"o:0;\" data-out=\"a:false;\">\n\t\t\t\t\t\t\t<img src=\"\/\/carrouselleclercq.fr\/wp-content\/plugins\/revslider\/public\/assets\/assets\/dummy.png\" alt=\"\" title=\"CARROUSEL BELLE EPOQUE\" class=\"rev-slidebg tp-rs-img rs-lazyload\" data-lazyload=\"\/\/carrouselleclercq.fr\/wp-content\/uploads\/2023\/09\/b_zlfJL-GgR-WW3PhOSlcdnnK19UDhhr4TNNDtSUO64_plaintext_638306351070021913.jpg\" data-bg=\"f:60% 100%;\" data-no-retina>\n<!---->\t\t\t\t\t\t<\/rs-slide>\n\t\t\t\t\t\t<rs-slide style=\"position: absolute;\" data-key=\"rs-77\" data-title=\"Slide\" data-thumb=\"\/\/carrouselleclercq.fr\/wp-content\/uploads\/2023\/09\/IMG-20230918-WA0010-50x100.jpg\" data-in=\"o:0;\" data-out=\"a:false;\">\n\t\t\t\t\t\t\t<img src=\"\/\/carrouselleclercq.fr\/wp-content\/plugins\/revslider\/public\/assets\/assets\/dummy.png\" alt=\"\" title=\"CARROUSEL BELLE EPOQUE\" class=\"rev-slidebg tp-rs-img rs-lazyload\" data-lazyload=\"\/\/carrouselleclercq.fr\/wp-content\/uploads\/2023\/09\/IMG-20230918-WA0010.jpg\" data-bg=\"f:60% 100%;\" data-no-retina>\n<!---->\t\t\t\t\t\t<\/rs-slide>\n\t\t\t\t\t<\/rs-slides>\n\t\t\t\t<\/rs-module>\n\t\t\t\t<script>\n\t\t\t\t\tsetREVStartSize({c: 'rev_slider_8_1',rl:[1240,1024,778,480],el:[900],gw:[1240],gh:[900],type:'standard',justify:'',layout:'fullwidth',mh:\"0\"});if (window.RS_MODULES!==undefined && window.RS_MODULES.modules!==undefined && window.RS_MODULES.modules[\"revslider81\"]!==undefined) {window.RS_MODULES.modules[\"revslider81\"].once = false;window.revapi8 = undefined;if (window.RS_MODULES.checkMinimal!==undefined) window.RS_MODULES.checkMinimal()}\n\t\t\t\t<\/script>\n\t\t\t<\/rs-module-wrap>\n\t\t\t<!-- END REVOLUTION SLIDER -->\n<\/div>\n<div>\n\n\t\t<style>\n\t\t\t#gallery-1 {\n\t\t\t\tmargin: auto;\n\t\t\t}\n\t\t\t#gallery-1 .gallery-item {\n\t\t\t\tfloat: left;\n\t\t\t\tmargin-top: 10px;\n\t\t\t\ttext-align: center;\n\t\t\t\twidth: 16%;\n\t\t\t}\n\t\t\t#gallery-1 img {\n\t\t\t\tborder: 2px solid #cfcfcf;\n\t\t\t}\n\t\t\t#gallery-1 .gallery-caption {\n\t\t\t\tmargin-left: 0;\n\t\t\t}\n\t\t\t\/* see gallery_shortcode() in wp-includes\/media.php *\/\n\t\t<\/style>\n\t\t<div id='gallery-1' class='gallery galleryid-12216 gallery-columns-6 gallery-size-large'><dl class='gallery-item'>\n\t\t\t<dt class='gallery-icon portrait'>\n\t\t\t\t<a href='https:\/\/carrouselleclercq.fr\/?attachment_id=12332'><img width=\"625\" height=\"833\" src=\"https:\/\/carrouselleclercq.fr\/wp-content\/uploads\/2023\/10\/IMG_1743-768x1024.jpg\" class=\"attachment-large size-large\" alt=\"\" decoding=\"async\" loading=\"lazy\" srcset=\"https:\/\/carrouselleclercq.fr\/wp-content\/uploads\/2023\/10\/IMG_1743-768x1024.jpg 768w, https:\/\/carrouselleclercq.fr\/wp-content\/uploads\/2023\/10\/IMG_1743-225x300.jpg 225w, https:\/\/carrouselleclercq.fr\/wp-content\/uploads\/2023\/10\/IMG_1743-1152x1536.jpg 1152w, https:\/\/carrouselleclercq.fr\/wp-content\/uploads\/2023\/10\/IMG_1743-1536x2048.jpg 1536w, https:\/\/carrouselleclercq.fr\/wp-content\/uploads\/2023\/10\/IMG_1743-600x800.jpg 600w, https:\/\/carrouselleclercq.fr\/wp-content\/uploads\/2023\/10\/IMG_1743-368x490.jpg 368w, https:\/\/carrouselleclercq.fr\/wp-content\/uploads\/2023\/10\/IMG_1743-scaled.jpg 1920w\" sizes=\"(max-width: 625px) 100vw, 625px\" \/><\/a>\n\t\t\t<\/dt><\/dl><dl class='gallery-item'>\n\t\t\t<dt class='gallery-icon portrait'>\n\t\t\t\t<a href='https:\/\/carrouselleclercq.fr\/?attachment_id=12339'><img width=\"480\" height=\"640\" src=\"https:\/\/carrouselleclercq.fr\/wp-content\/uploads\/2023\/10\/IMG_1554-rotated.jpg\" class=\"attachment-large size-large\" alt=\"\" decoding=\"async\" loading=\"lazy\" srcset=\"https:\/\/carrouselleclercq.fr\/wp-content\/uploads\/2023\/10\/IMG_1554-rotated.jpg 480w, https:\/\/carrouselleclercq.fr\/wp-content\/uploads\/2023\/10\/IMG_1554-225x300.jpg 225w, https:\/\/carrouselleclercq.fr\/wp-content\/uploads\/2023\/10\/IMG_1554-368x490.jpg 368w\" sizes=\"(max-width: 480px) 100vw, 480px\" \/><\/a>\n\t\t\t<\/dt><\/dl><dl class='gallery-item'>\n\t\t\t<dt class='gallery-icon portrait'>\n\t\t\t\t<a href='https:\/\/carrouselleclercq.fr\/?attachment_id=12337'><img width=\"480\" height=\"640\" src=\"https:\/\/carrouselleclercq.fr\/wp-content\/uploads\/2023\/10\/IMG_1552-rotated.jpg\" class=\"attachment-large size-large\" alt=\"\" decoding=\"async\" loading=\"lazy\" srcset=\"https:\/\/carrouselleclercq.fr\/wp-content\/uploads\/2023\/10\/IMG_1552-rotated.jpg 480w, https:\/\/carrouselleclercq.fr\/wp-content\/uploads\/2023\/10\/IMG_1552-225x300.jpg 225w, https:\/\/carrouselleclercq.fr\/wp-content\/uploads\/2023\/10\/IMG_1552-368x490.jpg 368w\" sizes=\"(max-width: 480px) 100vw, 480px\" \/><\/a>\n\t\t\t<\/dt><\/dl><dl class='gallery-item'>\n\t\t\t<dt class='gallery-icon portrait'>\n\t\t\t\t<a href='https:\/\/carrouselleclercq.fr\/?attachment_id=12338'><img width=\"480\" height=\"640\" src=\"https:\/\/carrouselleclercq.fr\/wp-content\/uploads\/2023\/10\/IMG_1553-rotated.jpg\" class=\"attachment-large size-large\" alt=\"\" decoding=\"async\" loading=\"lazy\" srcset=\"https:\/\/carrouselleclercq.fr\/wp-content\/uploads\/2023\/10\/IMG_1553-rotated.jpg 480w, https:\/\/carrouselleclercq.fr\/wp-content\/uploads\/2023\/10\/IMG_1553-225x300.jpg 225w, https:\/\/carrouselleclercq.fr\/wp-content\/uploads\/2023\/10\/IMG_1553-368x490.jpg 368w\" sizes=\"(max-width: 480px) 100vw, 480px\" \/><\/a>\n\t\t\t<\/dt><\/dl><dl class='gallery-item'>\n\t\t\t<dt class='gallery-icon portrait'>\n\t\t\t\t<a href='https:\/\/carrouselleclercq.fr\/?attachment_id=12330'><img width=\"625\" height=\"833\" src=\"https:\/\/carrouselleclercq.fr\/wp-content\/uploads\/2023\/10\/IMG_1558-768x1024.jpg\" class=\"attachment-large size-large\" alt=\"\" decoding=\"async\" loading=\"lazy\" srcset=\"https:\/\/carrouselleclercq.fr\/wp-content\/uploads\/2023\/10\/IMG_1558-768x1024.jpg 768w, https:\/\/carrouselleclercq.fr\/wp-content\/uploads\/2023\/10\/IMG_1558-225x300.jpg 225w, https:\/\/carrouselleclercq.fr\/wp-content\/uploads\/2023\/10\/IMG_1558-1152x1536.jpg 1152w, https:\/\/carrouselleclercq.fr\/wp-content\/uploads\/2023\/10\/IMG_1558-1536x2048.jpg 1536w, https:\/\/carrouselleclercq.fr\/wp-content\/uploads\/2023\/10\/IMG_1558-600x800.jpg 600w, https:\/\/carrouselleclercq.fr\/wp-content\/uploads\/2023\/10\/IMG_1558-368x490.jpg 368w, https:\/\/carrouselleclercq.fr\/wp-content\/uploads\/2023\/10\/IMG_1558-scaled.jpg 1920w\" sizes=\"(max-width: 625px) 100vw, 625px\" \/><\/a>\n\t\t\t<\/dt><\/dl><dl class='gallery-item'>\n\t\t\t<dt class='gallery-icon portrait'>\n\t\t\t\t<a href='https:\/\/carrouselleclercq.fr\/?attachment_id=12336'><img width=\"480\" height=\"640\" src=\"https:\/\/carrouselleclercq.fr\/wp-content\/uploads\/2023\/10\/IMG_1551-rotated.jpg\" class=\"attachment-large size-large\" alt=\"\" decoding=\"async\" loading=\"lazy\" srcset=\"https:\/\/carrouselleclercq.fr\/wp-content\/uploads\/2023\/10\/IMG_1551-rotated.jpg 480w, https:\/\/carrouselleclercq.fr\/wp-content\/uploads\/2023\/10\/IMG_1551-225x300.jpg 225w, https:\/\/carrouselleclercq.fr\/wp-content\/uploads\/2023\/10\/IMG_1551-368x490.jpg 368w\" sizes=\"(max-width: 480px) 100vw, 480px\" \/><\/a>\n\t\t\t<\/dt><\/dl><br style=\"clear: both\" \/><dl class='gallery-item'>\n\t\t\t<dt class='gallery-icon portrait'>\n\t\t\t\t<a href='https:\/\/carrouselleclercq.fr\/?attachment_id=12335'><img width=\"625\" height=\"833\" src=\"https:\/\/carrouselleclercq.fr\/wp-content\/uploads\/2023\/10\/IMG_1746-768x1024.jpg\" class=\"attachment-large size-large\" alt=\"\" decoding=\"async\" loading=\"lazy\" srcset=\"https:\/\/carrouselleclercq.fr\/wp-content\/uploads\/2023\/10\/IMG_1746-768x1024.jpg 768w, https:\/\/carrouselleclercq.fr\/wp-content\/uploads\/2023\/10\/IMG_1746-225x300.jpg 225w, https:\/\/carrouselleclercq.fr\/wp-content\/uploads\/2023\/10\/IMG_1746-1152x1536.jpg 1152w, https:\/\/carrouselleclercq.fr\/wp-content\/uploads\/2023\/10\/IMG_1746-1536x2048.jpg 1536w, https:\/\/carrouselleclercq.fr\/wp-content\/uploads\/2023\/10\/IMG_1746-600x800.jpg 600w, https:\/\/carrouselleclercq.fr\/wp-content\/uploads\/2023\/10\/IMG_1746-368x490.jpg 368w, https:\/\/carrouselleclercq.fr\/wp-content\/uploads\/2023\/10\/IMG_1746-scaled.jpg 1920w\" sizes=\"(max-width: 625px) 100vw, 625px\" \/><\/a>\n\t\t\t<\/dt><\/dl><dl class='gallery-item'>\n\t\t\t<dt class='gallery-icon portrait'>\n\t\t\t\t<a href='https:\/\/carrouselleclercq.fr\/?attachment_id=12333'><img width=\"625\" height=\"833\" src=\"https:\/\/carrouselleclercq.fr\/wp-content\/uploads\/2023\/10\/IMG_1744-768x1024.jpg\" class=\"attachment-large size-large\" alt=\"\" decoding=\"async\" loading=\"lazy\" srcset=\"https:\/\/carrouselleclercq.fr\/wp-content\/uploads\/2023\/10\/IMG_1744-768x1024.jpg 768w, https:\/\/carrouselleclercq.fr\/wp-content\/uploads\/2023\/10\/IMG_1744-225x300.jpg 225w, https:\/\/carrouselleclercq.fr\/wp-content\/uploads\/2023\/10\/IMG_1744-1152x1536.jpg 1152w, https:\/\/carrouselleclercq.fr\/wp-content\/uploads\/2023\/10\/IMG_1744-1536x2048.jpg 1536w, https:\/\/carrouselleclercq.fr\/wp-content\/uploads\/2023\/10\/IMG_1744-600x800.jpg 600w, https:\/\/carrouselleclercq.fr\/wp-content\/uploads\/2023\/10\/IMG_1744-368x490.jpg 368w, https:\/\/carrouselleclercq.fr\/wp-content\/uploads\/2023\/10\/IMG_1744-scaled.jpg 1920w\" sizes=\"(max-width: 625px) 100vw, 625px\" \/><\/a>\n\t\t\t<\/dt><\/dl><dl class='gallery-item'>\n\t\t\t<dt class='gallery-icon portrait'>\n\t\t\t\t<a href='https:\/\/carrouselleclercq.fr\/?attachment_id=12329'><img width=\"625\" height=\"833\" src=\"https:\/\/carrouselleclercq.fr\/wp-content\/uploads\/2023\/10\/IMG_1556-768x1024.jpg\" class=\"attachment-large size-large\" alt=\"\" decoding=\"async\" loading=\"lazy\" srcset=\"https:\/\/carrouselleclercq.fr\/wp-content\/uploads\/2023\/10\/IMG_1556-768x1024.jpg 768w, https:\/\/carrouselleclercq.fr\/wp-content\/uploads\/2023\/10\/IMG_1556-225x300.jpg 225w, https:\/\/carrouselleclercq.fr\/wp-content\/uploads\/2023\/10\/IMG_1556-1152x1536.jpg 1152w, https:\/\/carrouselleclercq.fr\/wp-content\/uploads\/2023\/10\/IMG_1556-1536x2048.jpg 1536w, https:\/\/carrouselleclercq.fr\/wp-content\/uploads\/2023\/10\/IMG_1556-600x800.jpg 600w, https:\/\/carrouselleclercq.fr\/wp-content\/uploads\/2023\/10\/IMG_1556-368x490.jpg 368w, https:\/\/carrouselleclercq.fr\/wp-content\/uploads\/2023\/10\/IMG_1556-scaled.jpg 1920w\" sizes=\"(max-width: 625px) 100vw, 625px\" \/><\/a>\n\t\t\t<\/dt><\/dl><dl class='gallery-item'>\n\t\t\t<dt class='gallery-icon portrait'>\n\t\t\t\t<a href='https:\/\/carrouselleclercq.fr\/?attachment_id=12334'><img width=\"625\" height=\"833\" src=\"https:\/\/carrouselleclercq.fr\/wp-content\/uploads\/2023\/10\/IMG_1745-768x1024.jpg\" class=\"attachment-large size-large\" alt=\"\" decoding=\"async\" loading=\"lazy\" srcset=\"https:\/\/carrouselleclercq.fr\/wp-content\/uploads\/2023\/10\/IMG_1745-768x1024.jpg 768w, https:\/\/carrouselleclercq.fr\/wp-content\/uploads\/2023\/10\/IMG_1745-225x300.jpg 225w, https:\/\/carrouselleclercq.fr\/wp-content\/uploads\/2023\/10\/IMG_1745-1152x1536.jpg 1152w, https:\/\/carrouselleclercq.fr\/wp-content\/uploads\/2023\/10\/IMG_1745-1536x2048.jpg 1536w, https:\/\/carrouselleclercq.fr\/wp-content\/uploads\/2023\/10\/IMG_1745-600x800.jpg 600w, https:\/\/carrouselleclercq.fr\/wp-content\/uploads\/2023\/10\/IMG_1745-368x490.jpg 368w, https:\/\/carrouselleclercq.fr\/wp-content\/uploads\/2023\/10\/IMG_1745-scaled.jpg 1920w\" sizes=\"(max-width: 625px) 100vw, 625px\" \/><\/a>\n\t\t\t<\/dt><\/dl><dl class='gallery-item'>\n\t\t\t<dt class='gallery-icon portrait'>\n\t\t\t\t<a href='https:\/\/carrouselleclercq.fr\/?attachment_id=12328'><img width=\"625\" height=\"833\" src=\"https:\/\/carrouselleclercq.fr\/wp-content\/uploads\/2023\/10\/IMG_1555-768x1024.jpg\" class=\"attachment-large size-large\" alt=\"\" decoding=\"async\" loading=\"lazy\" srcset=\"https:\/\/carrouselleclercq.fr\/wp-content\/uploads\/2023\/10\/IMG_1555-768x1024.jpg 768w, https:\/\/carrouselleclercq.fr\/wp-content\/uploads\/2023\/10\/IMG_1555-225x300.jpg 225w, https:\/\/carrouselleclercq.fr\/wp-content\/uploads\/2023\/10\/IMG_1555-1152x1536.jpg 1152w, https:\/\/carrouselleclercq.fr\/wp-content\/uploads\/2023\/10\/IMG_1555-1536x2048.jpg 1536w, https:\/\/carrouselleclercq.fr\/wp-content\/uploads\/2023\/10\/IMG_1555-600x800.jpg 600w, https:\/\/carrouselleclercq.fr\/wp-content\/uploads\/2023\/10\/IMG_1555-368x490.jpg 368w, https:\/\/carrouselleclercq.fr\/wp-content\/uploads\/2023\/10\/IMG_1555-scaled.jpg 1920w\" sizes=\"(max-width: 625px) 100vw, 625px\" \/><\/a>\n\t\t\t<\/dt><\/dl><dl class='gallery-item'>\n\t\t\t<dt class='gallery-icon portrait'>\n\t\t\t\t<a href='https:\/\/carrouselleclercq.fr\/?attachment_id=12331'><img width=\"625\" height=\"833\" src=\"https:\/\/carrouselleclercq.fr\/wp-content\/uploads\/2023\/10\/IMG_1741-768x1024.jpg\" class=\"attachment-large size-large\" alt=\"\" decoding=\"async\" loading=\"lazy\" srcset=\"https:\/\/carrouselleclercq.fr\/wp-content\/uploads\/2023\/10\/IMG_1741-768x1024.jpg 768w, https:\/\/carrouselleclercq.fr\/wp-content\/uploads\/2023\/10\/IMG_1741-225x300.jpg 225w, https:\/\/carrouselleclercq.fr\/wp-content\/uploads\/2023\/10\/IMG_1741-1152x1536.jpg 1152w, https:\/\/carrouselleclercq.fr\/wp-content\/uploads\/2023\/10\/IMG_1741-1536x2048.jpg 1536w, https:\/\/carrouselleclercq.fr\/wp-content\/uploads\/2023\/10\/IMG_1741-600x800.jpg 600w, https:\/\/carrouselleclercq.fr\/wp-content\/uploads\/2023\/10\/IMG_1741-368x490.jpg 368w, https:\/\/carrouselleclercq.fr\/wp-content\/uploads\/2023\/10\/IMG_1741-scaled.jpg 1920w\" sizes=\"(max-width: 625px) 100vw, 625px\" \/><\/a>\n\t\t\t<\/dt><\/dl><br style=\"clear: both\" \/>\n\t\t<\/div>\n\n<\/div>\n","protected":false},"excerpt":{"rendered":"<p>parents accompagnateurs 7M50 de diam\u00e8tre\u00a0+ la caisse 26 places puissance 16 amp\u00e8re 380 6 chevaux sauteurs une gondole une tasse toupie 2 cygnes une girafe un tacot un camion un \u00e9l\u00e9phant<\/p>\n","protected":false},"featured_media":12218,"comment_status":"open","ping_status":"closed","template":"","meta":{"om_disable_all_campaigns":false,"_mi_skip_tracking":false,"_monsterinsights_sitenote_active":false,"_monsterinsights_sitenote_note":"","_monsterinsights_sitenote_category":0,"_themeisle_gutenberg_block_has_review":false},"product_cat":[46],"product_tag":[],"amenities":[],"space-type":[34],"aioseo_notices":[],"_links":{"self":[{"href":"https:\/\/carrouselleclercq.fr\/index.php\/wp-json\/wp\/v2\/product\/12216"}],"collection":[{"href":"https:\/\/carrouselleclercq.fr\/index.php\/wp-json\/wp\/v2\/product"}],"about":[{"href":"https:\/\/carrouselleclercq.fr\/index.php\/wp-json\/wp\/v2\/types\/product"}],"replies":[{"embeddable":true,"href":"https:\/\/carrouselleclercq.fr\/index.php\/wp-json\/wp\/v2\/comments?post=12216"}],"wp:featuredmedia":[{"embeddable":true,"href":"https:\/\/carrouselleclercq.fr\/index.php\/wp-json\/wp\/v2\/media\/12218"}],"wp:attachment":[{"href":"https:\/\/carrouselleclercq.fr\/index.php\/wp-json\/wp\/v2\/media?parent=12216"}],"wp:term":[{"taxonomy":"product_cat","embeddable":true,"href":"https:\/\/carrouselleclercq.fr\/index.php\/wp-json\/wp\/v2\/product_cat?post=12216"},{"taxonomy":"product_tag","embeddable":true,"href":"https:\/\/carrouselleclercq.fr\/index.php\/wp-json\/wp\/v2\/product_tag?post=12216"},{"taxonomy":"amenities","embeddable":true,"href":"https:\/\/carrouselleclercq.fr\/index.php\/wp-json\/wp\/v2\/amenities?post=12216"},{"taxonomy":"space-type","embeddable":true,"href":"https:\/\/carrouselleclercq.fr\/index.php\/wp-json\/wp\/v2\/space-type?post=12216"}],"curies":[{"name":"wp","href":"https:\/\/api.w.org\/{rel}","templated":true}]}}