{"id":1549,"date":"2017-11-29T14:44:03","date_gmt":"2017-11-29T14:44:03","guid":{"rendered":"http:\/\/themes.webdevia.com\/call-center-customer-services-wordpress-theme\/?page_id=49"},"modified":"2024-03-31T17:10:55","modified_gmt":"2024-03-31T15:10:55","slug":"about-2","status":"publish","type":"page","link":"https:\/\/carrouselleclercq.fr\/index.php\/about-2\/","title":{"rendered":""},"content":{"rendered":"\n<div class=\"wp-block-group alignfull has-background has-global-padding is-layout-constrained wp-block-group-is-layout-constrained\" style=\"background-color:#fdf8f2\">\n<div class=\"wp-block-columns alignwide has-background is-layout-flex wp-container-4 wp-block-columns-is-layout-flex\" style=\"background-color:#fdf8f2\">\n<div class=\"wp-block-column is-layout-flow wp-block-column-is-layout-flow\">\n<div class=\"wp-block-columns is-layout-flex wp-container-2 wp-block-columns-is-layout-flex\">\n<div class=\"wp-block-column is-layout-flow wp-block-column-is-layout-flow\">\n<iframe src=\"https:\/\/www.google.com\/maps\/embed?pb=!1m18!1m12!1m3!1d2571.1491116720263!2d3.001034599999999!3d49.8772263!2m3!1f0!2f0!3f0!3m2!1i1024!2i768!4f13.1!3m3!1m2!1s0x47e807468731f28d%3A0xb897de0f66b391b3!2sCarrousel%20leclercq!5e0!3m2!1sfr!2sfr!4v1711892853680!5m2!1sfr!2sfr\" width=\"600\" height=\"450\" style=\"border:0;\" allowfullscreen=\"\" loading=\"lazy\" referrerpolicy=\"no-referrer-when-downgrade\"><\/iframe>\n\n\n\n<div itemscope itemtype=\"https:\/\/schema.org\/LocalBusiness\">\n<p itemprop=\"name\"><b>Nous Contacter<\/b><\/p>\nT\u00e9l\u00e9phone: <span itemprop=\"telephone\"><a href=\"tel:0607517217\">06.07.51.72.17<\/a><\/span>\n<\/div>\n\n\n\n<figure class=\"wp-block-embed is-type-wp-embed is-provider-carrouselleclercq wp-block-embed-carrouselleclercq\"><div class=\"wp-block-embed__wrapper\">\n<blockquote class=\"wp-embedded-content\" data-secret=\"tWfN4Zg3XC\"><a href=\"https:\/\/carrouselleclercq.fr\/index.php\/devis\/\">Devis<\/a><\/blockquote><iframe class=\"wp-embedded-content\" sandbox=\"allow-scripts\" security=\"restricted\" style=\"position: absolute; clip: rect(1px, 1px, 1px, 1px);\" title=\"\u00ab\u00a0Devis\u00a0\u00bb &#8212; carrouselleclercq\" src=\"https:\/\/carrouselleclercq.fr\/index.php\/devis\/embed\/#?secret=Cfo2ij7aMH#?secret=tWfN4Zg3XC\" data-secret=\"tWfN4Zg3XC\" width=\"600\" height=\"338\" frameborder=\"0\" marginwidth=\"0\" marginheight=\"0\" scrolling=\"no\"><\/iframe>\n<\/div><\/figure>\n<\/div>\n<\/div>\n<\/div>\n<\/div>\n<\/div>\n\n\n\n<div class=\"wp-block-group alignwide has-global-padding is-layout-constrained wp-block-group-is-layout-constrained\">\n<div style=\"height:100px\" aria-hidden=\"true\" class=\"wp-block-spacer\"><\/div>\n\n\n\n<h5 class=\"wp-block-heading has-text-align-center has-text-color\" style=\"color:#6b7177;font-style:normal;font-weight:400\"><\/h5>\n\n\n\n<h2 class=\"wp-block-heading has-text-align-center has-text-color\" style=\"color:#0c1a13;margin-top:var(--wp--preset--spacing--20)\">Nos Actu<\/h2>\n\n\n\n<div style=\"height:10px\" aria-hidden=\"true\" class=\"wp-block-spacer\"><\/div>\n<\/div>\n\n\n\n<div class=\"wp-block-query is-layout-flow wp-block-query-is-layout-flow\">\n<div class=\"wp-block-group has-white-background-color has-background is-layout-flow wp-block-group-is-layout-flow\"><ul class=\"columns-3 alignwide wd-post--multicolumn wp-block-post-template is-layout-grid wp-container-9 wp-block-post-template-is-layout-grid\"><li class=\"wp-block-post post-12397 post type-post status-publish format-standard has-post-thumbnail hentry category-non-classe wd-post \">\n\n<div class=\"wp-block-group alignwide has-white-background-color has-background is-vertical is-content-justification-left is-layout-flex wp-container-8 wp-block-group-is-layout-flex\" style=\"padding-top:0;padding-right:0;padding-bottom:0;padding-left:0\"><figure style=\"width:100%;height:300px;\" class=\"wp-block-post-featured-image\"><a href=\"https:\/\/carrouselleclercq.fr\/index.php\/2023\/10\/18\/faites-tourner-votre-evenement-avec-nos-locations-de-carrousels-carrousel-leclercq-est-specialise-en-evenementiel-et-divertissement\/\" target=\"_self\"  style=\"height:300px\"><img loading=\"lazy\" width=\"612\" height=\"461\" src=\"https:\/\/carrouselleclercq.fr\/wp-content\/uploads\/2023\/10\/istockphoto-485036970-612x612-1.jpg\" class=\"attachment-post-thumbnail size-post-thumbnail wp-post-image\" alt=\"Faites tourner votre \u00e9v\u00e9nement avec nos locations de carrousels.Carrousel Leclercq est sp\u00e9cialis\u00e9 en \u00e9v\u00e9nementiel et divertissement.\" decoding=\"async\" style=\"border-radius:3px;height:300px;object-fit:cover;\" srcset=\"https:\/\/carrouselleclercq.fr\/wp-content\/uploads\/2023\/10\/istockphoto-485036970-612x612-1.jpg 612w, https:\/\/carrouselleclercq.fr\/wp-content\/uploads\/2023\/10\/istockphoto-485036970-612x612-1-300x226.jpg 300w, https:\/\/carrouselleclercq.fr\/wp-content\/uploads\/2023\/10\/istockphoto-485036970-612x612-1-600x452.jpg 600w, https:\/\/carrouselleclercq.fr\/wp-content\/uploads\/2023\/10\/istockphoto-485036970-612x612-1-490x369.jpg 490w\" sizes=\"(max-width: 612px) 100vw, 612px\" \/><span class=\"wp-block-post-featured-image__overlay has-background-dim has-background-dim-10\" style=\"border-radius:3px\" aria-hidden=\"true\"><\/span><\/a><\/figure>\n\n\n<div class=\"wp-block-group has-global-padding is-layout-constrained wp-block-group-is-layout-constrained\"><div class=\"taxonomy-category wd-post__meta wp-block-post-terms\"><a href=\"https:\/\/carrouselleclercq.fr\/index.php\/category\/non-classe\/\" rel=\"tag\">Non class\u00e9<\/a><\/div>\n\n<h4 style=\"margin-top:0px;margin-right:0px;margin-bottom:0px;margin-left:0px;\" class=\"wd-post__title wp-block-post-title\"><a href=\"https:\/\/carrouselleclercq.fr\/index.php\/2023\/10\/18\/faites-tourner-votre-evenement-avec-nos-locations-de-carrousels-carrousel-leclercq-est-specialise-en-evenementiel-et-divertissement\/\" target=\"_self\" >Faites tourner votre \u00e9v\u00e9nement avec nos locations de carrousels.Carrousel Leclercq est sp\u00e9cialis\u00e9 en \u00e9v\u00e9nementiel et divertissement.<\/a><\/h4>\n\n<div style=\"margin-top:var(--wp--preset--spacing--20);\" class=\"wd-post__read-more wp-block-post-date\"><time datetime=\"2023-10-18T00:57:33+02:00\">18 octobre 2023<\/time><\/div><\/div>\n<\/div>\n\n<\/li><\/ul><\/div>\n<\/div>\n\n\n\n<div style=\"height:70px\" aria-hidden=\"true\" class=\"wp-block-spacer\"><\/div>\n","protected":false},"excerpt":{"rendered":"<p>Nous Contacter T\u00e9l\u00e9phone: 06.07.51.72.17 Nos Actu<\/p>\n","protected":false},"author":1,"featured_media":0,"parent":0,"menu_order":0,"comment_status":"closed","ping_status":"closed","template":"","meta":{"om_disable_all_campaigns":false,"_mi_skip_tracking":false,"_monsterinsights_sitenote_active":false,"_monsterinsights_sitenote_note":"","_monsterinsights_sitenote_category":0,"_themeisle_gutenberg_block_has_review":false,"footnotes":""},"aioseo_notices":[],"_links":{"self":[{"href":"https:\/\/carrouselleclercq.fr\/index.php\/wp-json\/wp\/v2\/pages\/1549"}],"collection":[{"href":"https:\/\/carrouselleclercq.fr\/index.php\/wp-json\/wp\/v2\/pages"}],"about":[{"href":"https:\/\/carrouselleclercq.fr\/index.php\/wp-json\/wp\/v2\/types\/page"}],"author":[{"embeddable":true,"href":"https:\/\/carrouselleclercq.fr\/index.php\/wp-json\/wp\/v2\/users\/1"}],"replies":[{"embeddable":true,"href":"https:\/\/carrouselleclercq.fr\/index.php\/wp-json\/wp\/v2\/comments?post=1549"}],"version-history":[{"count":5,"href":"https:\/\/carrouselleclercq.fr\/index.php\/wp-json\/wp\/v2\/pages\/1549\/revisions"}],"predecessor-version":[{"id":12575,"href":"https:\/\/carrouselleclercq.fr\/index.php\/wp-json\/wp\/v2\/pages\/1549\/revisions\/12575"}],"wp:attachment":[{"href":"https:\/\/carrouselleclercq.fr\/index.php\/wp-json\/wp\/v2\/media?parent=1549"}],"curies":[{"name":"wp","href":"https:\/\/api.w.org\/{rel}","templated":true}]}}