{"id":12255,"date":"2023-10-09T16:55:14","date_gmt":"2023-10-09T14:55:14","guid":{"rendered":"https:\/\/carrouselleclercq.fr\/?page_id=12255"},"modified":"2023-10-09T17:02:43","modified_gmt":"2023-10-09T15:02:43","slug":"devis","status":"publish","type":"page","link":"https:\/\/carrouselleclercq.fr\/index.php\/devis\/","title":{"rendered":"Devis"},"content":{"rendered":"\n<div class=\"wp-block-contact-form-7-contact-form-selector\">\n<div class=\"wpcf7 no-js\" id=\"wpcf7-f12253-o1\" lang=\"fr-FR\" dir=\"ltr\">\n<div class=\"screen-reader-response\"><p role=\"status\" aria-live=\"polite\" aria-atomic=\"true\"><\/p> <ul><\/ul><\/div>\n<form action=\"\/index.php\/wp-json\/wp\/v2\/pages\/12255#wpcf7-f12253-o1\" method=\"post\" class=\"wpcf7-form init\" aria-label=\"Formulaire de contact\" novalidate=\"novalidate\" data-status=\"init\">\n<div style=\"display: none;\">\n<input type=\"hidden\" name=\"_wpcf7\" value=\"12253\" \/>\n<input type=\"hidden\" name=\"_wpcf7_version\" value=\"5.8.1\" \/>\n<input type=\"hidden\" name=\"_wpcf7_locale\" value=\"fr_FR\" \/>\n<input type=\"hidden\" name=\"_wpcf7_unit_tag\" value=\"wpcf7-f12253-o1\" \/>\n<input type=\"hidden\" name=\"_wpcf7_container_post\" value=\"0\" \/>\n<input type=\"hidden\" name=\"_wpcf7_posted_data_hash\" value=\"\" \/>\n<\/div>\n<div class=\"uacf7-form-12253\"><label> Votre Nom Pr\u00e9nom *\n    <span class=\"wpcf7-form-control-wrap\" data-name=\"your-name\"><input size=\"40\" class=\"wpcf7-form-control wpcf7-text wpcf7-validates-as-required\" autocomplete=\"name\" aria-required=\"true\" aria-invalid=\"false\" value=\"\" type=\"text\" name=\"your-name\" \/><\/span> <\/label>\n<label> Votre T\u00e9l\u00e9phone *\n    <span class=\"wpcf7-form-control-wrap\" data-name=\"tel-270\"><input size=\"40\" class=\"wpcf7-form-control wpcf7-tel wpcf7-validates-as-required wpcf7-text wpcf7-validates-as-tel\" aria-required=\"true\" aria-invalid=\"false\" value=\"\" type=\"tel\" name=\"tel-270\" \/><\/span> <\/label>\n<label> Votre e-mail *\n    <span class=\"wpcf7-form-control-wrap\" data-name=\"your-email\"><input size=\"40\" class=\"wpcf7-form-control wpcf7-email wpcf7-validates-as-required wpcf7-text wpcf7-validates-as-email\" autocomplete=\"email\" aria-required=\"true\" aria-invalid=\"false\" value=\"\" type=\"email\" name=\"your-email\" \/><\/span> <\/label>\n<label> Votre Structures *\n    <span class=\"wpcf7-form-control-wrap\" data-name=\"text-949\"><input size=\"40\" class=\"wpcf7-form-control wpcf7-text\" aria-invalid=\"false\" value=\"\" type=\"text\" name=\"text-949\" \/><\/span> <\/label>\n<label> Nos Locations *\n    <span class=\"wpcf7-form-control-wrap uacf7_product_dropdown-595\"  data-name=\"uacf7_product_dropdown-595\"><select class=\"wpcf7-form-control wpcf7-uacf7_product_dropdown wpcf7-validates-as-required\" aria-required=\"true\" aria-invalid=\"false\" name=\"uacf7_product_dropdown-595\"><option value=\"\">-Select-<\/option><option value=\"CARROUSEL DE NOEL\" product-id=\"12598\">CARROUSEL DE NOEL<\/option><option value=\"CARROUSEL A ETAGE\" product-id=\"12587\">CARROUSEL A ETAGE<\/option><option value=\"MANEGE SPACE LAB\" product-id=\"12535\">MANEGE SPACE LAB<\/option><option value=\"MAN\u00c8GE SAPIN DE NO\u00cbL\" product-id=\"12363\">MAN\u00c8GE SAPIN DE NO\u00cbL<\/option><option value=\"MAISON DE PERE NOEL GONFLABLE\" product-id=\"12361\">MAISON DE PERE NOEL GONFLABLE<\/option><option value=\"PISTE DE LUGE GONFLABLE\" product-id=\"12359\">PISTE DE LUGE GONFLABLE<\/option><option value=\"CHALETS DE NOEL\u00a0\" product-id=\"12358\">CHALETS DE NOEL\u00a0<\/option><option value=\"LA PISTE DE LUGE CANDY LUGE\" product-id=\"12353\">LA PISTE DE LUGE CANDY LUGE<\/option><option value=\"LE PETIT TRAIN DE NOEL\" product-id=\"12348\">LE PETIT TRAIN DE NOEL<\/option><option value=\"MANEGE ENFANTIN DE NOEL\u00a0\" product-id=\"12343\">MANEGE ENFANTIN DE NOEL\u00a0<\/option><option value=\"CARROUSEL WILLY\" product-id=\"12340\">CARROUSEL WILLY<\/option><option value=\"CARROUSEL 1900\" product-id=\"12327\">CARROUSEL 1900<\/option><option value=\"CARROUSEL PALACE\" product-id=\"12318\">CARROUSEL PALACE<\/option><option value=\"CARROUSEL BELLE EPOQUE\" product-id=\"12216\">CARROUSEL BELLE EPOQUE<\/option><\/select><\/span><span><\/span><\/label>\n<label> Votre message *\n    <span class=\"wpcf7-form-control-wrap\" data-name=\"text-984\"><input size=\"40\" class=\"wpcf7-form-control wpcf7-text\" aria-invalid=\"false\" value=\"\" type=\"text\" name=\"text-984\" \/><\/span> <\/label>\n\n*Pour toute demande compl\u00e9mentaire n'h\u00e9siter pas \u00e0 nous le formuler dans votre message ,d\u2019autre chalet ,man\u00e8ge ... sont \u00e0 votre disposition \n\n<input class=\"wpcf7-form-control wpcf7-submit has-spinner\" type=\"submit\" value=\"Demander votre devis\" \/>\n\n*r\u00e9ponse sous 72h<\/div><div class=\"wpcf7-response-output\" aria-hidden=\"true\"><\/div>\n<\/form>\n<\/div>\n<\/div>\n","protected":false},"excerpt":{"rendered":"","protected":false},"author":1,"featured_media":0,"parent":0,"menu_order":0,"comment_status":"closed","ping_status":"closed","template":"","meta":{"om_disable_all_campaigns":false,"_mi_skip_tracking":false,"_monsterinsights_sitenote_active":false,"_monsterinsights_sitenote_note":"","_monsterinsights_sitenote_category":0,"_themeisle_gutenberg_block_has_review":false,"footnotes":""},"aioseo_notices":[],"_links":{"self":[{"href":"https:\/\/carrouselleclercq.fr\/index.php\/wp-json\/wp\/v2\/pages\/12255"}],"collection":[{"href":"https:\/\/carrouselleclercq.fr\/index.php\/wp-json\/wp\/v2\/pages"}],"about":[{"href":"https:\/\/carrouselleclercq.fr\/index.php\/wp-json\/wp\/v2\/types\/page"}],"author":[{"embeddable":true,"href":"https:\/\/carrouselleclercq.fr\/index.php\/wp-json\/wp\/v2\/users\/1"}],"replies":[{"embeddable":true,"href":"https:\/\/carrouselleclercq.fr\/index.php\/wp-json\/wp\/v2\/comments?post=12255"}],"version-history":[{"count":3,"href":"https:\/\/carrouselleclercq.fr\/index.php\/wp-json\/wp\/v2\/pages\/12255\/revisions"}],"predecessor-version":[{"id":12258,"href":"https:\/\/carrouselleclercq.fr\/index.php\/wp-json\/wp\/v2\/pages\/12255\/revisions\/12258"}],"wp:attachment":[{"href":"https:\/\/carrouselleclercq.fr\/index.php\/wp-json\/wp\/v2\/media?parent=12255"}],"curies":[{"name":"wp","href":"https:\/\/api.w.org\/{rel}","templated":true}]}}